{"id":60,"date":"2021-03-24T08:45:57","date_gmt":"2021-03-24T06:45:57","guid":{"rendered":"http:\/\/dokmai.paulwebdesign.rw\/?post_type=product&#038;p=60"},"modified":"2023-06-06T12:20:30","modified_gmt":"2023-06-06T10:20:30","slug":"manzi-shoulder-bag","status":"publish","type":"product","link":"https:\/\/dokmairwanda.com\/fr\/produit\/manzi-shoulder-bag\/","title":{"rendered":"Manzi"},"content":{"rendered":"<p><strong>Mat\u00e9riel:<\/strong>\u00a0Cuir\/kitenge<\/p>\n<p><strong>La description:<\/strong> en cuir de haute qualit\u00e9, facile \u00e0 transporter avec sa poign\u00e9e courte. et sangle longue r\u00e9glable\/amovible. Poches int\u00e9rieures zipp\u00e9es et pour smartphone, poche avant\/fermeture \u00e0 rabat \u00e0 bouton-pression.<\/p>","protected":false},"excerpt":{"rendered":"<p>Mati\u00e8re : Cuir \/kitenge Description : fabriqu\u00e9 en cuir de haute qualit\u00e9, facile \u00e0 transporter gr\u00e2ce \u00e0 sa poign\u00e9e courte. et longue sangle r\u00e9glable\/amovible. Poches int\u00e9rieures zipp\u00e9es et pour smartphone, poche avant\/fermeture \u00e0 rabat avec boucle et bouton-pression.<\/p>","protected":false},"featured_media":141,"comment_status":"open","ping_status":"closed","template":"","meta":[],"product_brand":[],"product_cat":[27,229],"product_tag":[104],"mwb_booking_cost":[],"mwb_booking_service":[],"class_list":{"0":"post-60","1":"product","2":"type-product","3":"status-publish","4":"has-post-thumbnail","6":"product_cat-women","7":"product_cat-cross-body-bag","8":"product_tag-shoulder-bag","10":"first","11":"instock","12":"taxable","13":"shipping-taxable","14":"purchasable","15":"product-type-variable"},"_links":{"self":[{"href":"https:\/\/dokmairwanda.com\/fr\/wp-json\/wp\/v2\/product\/60","targetHints":{"allow":["GET"]}}],"collection":[{"href":"https:\/\/dokmairwanda.com\/fr\/wp-json\/wp\/v2\/product"}],"about":[{"href":"https:\/\/dokmairwanda.com\/fr\/wp-json\/wp\/v2\/types\/product"}],"replies":[{"embeddable":true,"href":"https:\/\/dokmairwanda.com\/fr\/wp-json\/wp\/v2\/comments?post=60"}],"wp:featuredmedia":[{"embeddable":true,"href":"https:\/\/dokmairwanda.com\/fr\/wp-json\/wp\/v2\/media\/141"}],"wp:attachment":[{"href":"https:\/\/dokmairwanda.com\/fr\/wp-json\/wp\/v2\/media?parent=60"}],"wp:term":[{"taxonomy":"product_brand","embeddable":true,"href":"https:\/\/dokmairwanda.com\/fr\/wp-json\/wp\/v2\/product_brand?post=60"},{"taxonomy":"product_cat","embeddable":true,"href":"https:\/\/dokmairwanda.com\/fr\/wp-json\/wp\/v2\/product_cat?post=60"},{"taxonomy":"product_tag","embeddable":true,"href":"https:\/\/dokmairwanda.com\/fr\/wp-json\/wp\/v2\/product_tag?post=60"},{"taxonomy":"mwb_booking_cost","embeddable":true,"href":"https:\/\/dokmairwanda.com\/fr\/wp-json\/wp\/v2\/mwb_booking_cost?post=60"},{"taxonomy":"mwb_booking_service","embeddable":true,"href":"https:\/\/dokmairwanda.com\/fr\/wp-json\/wp\/v2\/mwb_booking_service?post=60"}],"curies":[{"name":"wp","href":"https:\/\/api.w.org\/{rel}","templated":true}]}}