{"id":61,"date":"2021-03-24T08:45:57","date_gmt":"2021-03-24T06:45:57","guid":{"rendered":"http:\/\/dokmai.paulwebdesign.rw\/?post_type=product&#038;p=61"},"modified":"2025-08-30T14:25:22","modified_gmt":"2025-08-30T12:25:22","slug":"sake-workbag","status":"publish","type":"product","link":"https:\/\/dokmairwanda.com\/fr\/produit\/sake-workbag\/","title":{"rendered":"Sac de travail \u00e0 sak\u00e9"},"content":{"rendered":"<p>Fabriqu\u00e9 \u00e0 partir de cuir de premi\u00e8re qualit\u00e9 et doubl\u00e9 de couleurs vibrantes <em>kitenge<\/em> Fabriqu\u00e9 en tissu, le sac de travail Sake est con\u00e7u pour sublimer votre quotidien. Dot\u00e9 de poign\u00e9es courtes et d&#039;une longue bandouli\u00e8re r\u00e9glable, il offre une polyvalence optimale en toute occasion. Ses pieds de protection \u00e0 la base garantissent durabilit\u00e9 et structure, tandis que l&#039;int\u00e9rieur bien organis\u00e9 comprend une poche zipp\u00e9e, un compartiment pour smartphone et des emplacements pour cartes de visite. Une poche ext\u00e9rieure offre un acc\u00e8s rapide et pratique, ce qui en fait le sac id\u00e9al pour les professionnels en d\u00e9placement.<\/p>\n<p><strong>Dimensions:<\/strong> 14 po L \u00d7 12 po H \u00d7 5,5 po l<br \/>\n<strong>Sangles :<\/strong> Poign\u00e9es fixes de 23 pouces, sangle r\u00e9glable de 60 pouces<br \/>\n<strong>Mat\u00e9riel:<\/strong> Cuir avec <em>kitenge<\/em> doublure (les motifs varient en fonction de la disponibilit\u00e9 du march\u00e9)<\/p>","protected":false},"excerpt":{"rendered":"<p>Fabriqu\u00e9 \u00e0 partir de cuir de premi\u00e8re qualit\u00e9 et doubl\u00e9 de couleurs vibrantes <em>kitenge<\/em> Fabriqu\u00e9 en tissu, le sac de travail Sake est con\u00e7u pour sublimer votre quotidien. Dot\u00e9 de poign\u00e9es courtes et d&#039;une longue bandouli\u00e8re r\u00e9glable, il offre une polyvalence optimale en toute occasion. Ses pieds de protection \u00e0 la base garantissent durabilit\u00e9 et structure, tandis que l&#039;int\u00e9rieur bien organis\u00e9 comprend une poche zipp\u00e9e, un compartiment pour smartphone et des emplacements pour cartes de visite. Une poche ext\u00e9rieure offre un acc\u00e8s rapide et pratique, ce qui en fait le sac id\u00e9al pour les professionnels en d\u00e9placement.<\/p>","protected":false},"featured_media":144,"comment_status":"open","ping_status":"closed","template":"","meta":[],"product_brand":[],"product_cat":[28,27],"product_tag":[241,24],"mwb_booking_cost":[],"mwb_booking_service":[],"class_list":{"0":"post-61","1":"product","2":"type-product","3":"status-publish","4":"has-post-thumbnail","6":"product_cat-handbags-women","7":"product_cat-women","8":"product_tag-tote-bag","9":"product_tag-workbag","11":"first","12":"instock","13":"taxable","14":"shipping-taxable","15":"purchasable","16":"product-type-simple"},"_links":{"self":[{"href":"https:\/\/dokmairwanda.com\/fr\/wp-json\/wp\/v2\/product\/61","targetHints":{"allow":["GET"]}}],"collection":[{"href":"https:\/\/dokmairwanda.com\/fr\/wp-json\/wp\/v2\/product"}],"about":[{"href":"https:\/\/dokmairwanda.com\/fr\/wp-json\/wp\/v2\/types\/product"}],"replies":[{"embeddable":true,"href":"https:\/\/dokmairwanda.com\/fr\/wp-json\/wp\/v2\/comments?post=61"}],"wp:featuredmedia":[{"embeddable":true,"href":"https:\/\/dokmairwanda.com\/fr\/wp-json\/wp\/v2\/media\/144"}],"wp:attachment":[{"href":"https:\/\/dokmairwanda.com\/fr\/wp-json\/wp\/v2\/media?parent=61"}],"wp:term":[{"taxonomy":"product_brand","embeddable":true,"href":"https:\/\/dokmairwanda.com\/fr\/wp-json\/wp\/v2\/product_brand?post=61"},{"taxonomy":"product_cat","embeddable":true,"href":"https:\/\/dokmairwanda.com\/fr\/wp-json\/wp\/v2\/product_cat?post=61"},{"taxonomy":"product_tag","embeddable":true,"href":"https:\/\/dokmairwanda.com\/fr\/wp-json\/wp\/v2\/product_tag?post=61"},{"taxonomy":"mwb_booking_cost","embeddable":true,"href":"https:\/\/dokmairwanda.com\/fr\/wp-json\/wp\/v2\/mwb_booking_cost?post=61"},{"taxonomy":"mwb_booking_service","embeddable":true,"href":"https:\/\/dokmairwanda.com\/fr\/wp-json\/wp\/v2\/mwb_booking_service?post=61"}],"curies":[{"name":"wp","href":"https:\/\/api.w.org\/{rel}","templated":true}]}}