{"id":81,"date":"2021-03-24T08:46:46","date_gmt":"2021-03-24T08:46:46","guid":{"rendered":"http:\/\/dokmai.paulwebdesign.rw\/?post_type=product&#038;p=81"},"modified":"2023-03-06T11:43:21","modified_gmt":"2023-03-06T09:43:21","slug":"iriza-clutch","status":"publish","type":"product","link":"https:\/\/dokmairwanda.com\/fr\/produit\/iriza-clutch\/","title":{"rendered":"Embrayage Iriza \u2013 BS"},"content":{"rendered":"<p><strong>Mat\u00e9riel<\/strong>: Kitenge avec garniture en cuir<\/p>\n<p><strong>Attention<\/strong>: Les motifs du tissu Kitenge changent en fonction de la disponibilit\u00e9 du march\u00e9 local. Veuillez consulter \u00ab\u00a0Choix de tissus\u00a0\u00bb ci-dessous pour voir ce qui est actuellement disponible.<br \/>\nTaille : 11,8&quot;L\/8&quot;H\/0,5&quot;W<br \/>\nDescription : Fabriqu\u00e9 \u00e0 partir de tissu de couleur coton, poche int\u00e9rieure zipp\u00e9e, d\u00e9tails en cuir, fermeture \u00e0 glissi\u00e8re. id\u00e9al pour tous les jours ou pour une occasion sp\u00e9ciale.<\/p>","protected":false},"excerpt":{"rendered":"<p>Mat\u00e9riau : Kitenge avec bordure en cuir Attention : Les motifs des tissus Kitenge changent en fonction de la disponibilit\u00e9 du march\u00e9 local. Veuillez consulter les \u00ab\u00a0Choix de tissus\u00a0\u00bb ci-dessous pour voir ce qui est actuellement disponible. Taille : 11,8&quot;L\/8&quot;H\/0,5&quot;W Description : Fabriqu\u00e9 \u00e0 partir de tissu de couleur coton, poche int\u00e9rieure zipp\u00e9e, d\u00e9tails en cuir, fermeture zipp\u00e9e. id\u00e9al pour tous les jours ou pour une occasion sp\u00e9ciale.<\/p>","protected":false},"featured_media":154,"comment_status":"open","ping_status":"closed","template":"","meta":[],"product_brand":[],"product_cat":[94,27],"product_tag":[42],"mwb_booking_cost":[],"mwb_booking_service":[],"class_list":{"0":"post-81","1":"product","2":"type-product","3":"status-publish","4":"has-post-thumbnail","6":"product_cat-toiletry-bags-women","7":"product_cat-women","8":"product_tag-clutch","10":"first","11":"instock","12":"taxable","13":"shipping-taxable","14":"purchasable","15":"product-type-variable"},"_links":{"self":[{"href":"https:\/\/dokmairwanda.com\/fr\/wp-json\/wp\/v2\/product\/81","targetHints":{"allow":["GET"]}}],"collection":[{"href":"https:\/\/dokmairwanda.com\/fr\/wp-json\/wp\/v2\/product"}],"about":[{"href":"https:\/\/dokmairwanda.com\/fr\/wp-json\/wp\/v2\/types\/product"}],"replies":[{"embeddable":true,"href":"https:\/\/dokmairwanda.com\/fr\/wp-json\/wp\/v2\/comments?post=81"}],"wp:featuredmedia":[{"embeddable":true,"href":"https:\/\/dokmairwanda.com\/fr\/wp-json\/wp\/v2\/media\/154"}],"wp:attachment":[{"href":"https:\/\/dokmairwanda.com\/fr\/wp-json\/wp\/v2\/media?parent=81"}],"wp:term":[{"taxonomy":"product_brand","embeddable":true,"href":"https:\/\/dokmairwanda.com\/fr\/wp-json\/wp\/v2\/product_brand?post=81"},{"taxonomy":"product_cat","embeddable":true,"href":"https:\/\/dokmairwanda.com\/fr\/wp-json\/wp\/v2\/product_cat?post=81"},{"taxonomy":"product_tag","embeddable":true,"href":"https:\/\/dokmairwanda.com\/fr\/wp-json\/wp\/v2\/product_tag?post=81"},{"taxonomy":"mwb_booking_cost","embeddable":true,"href":"https:\/\/dokmairwanda.com\/fr\/wp-json\/wp\/v2\/mwb_booking_cost?post=81"},{"taxonomy":"mwb_booking_service","embeddable":true,"href":"https:\/\/dokmairwanda.com\/fr\/wp-json\/wp\/v2\/mwb_booking_service?post=81"}],"curies":[{"name":"wp","href":"https:\/\/api.w.org\/{rel}","templated":true}]}}