{"id":85,"date":"2021-03-24T08:46:46","date_gmt":"2021-03-24T06:46:46","guid":{"rendered":"http:\/\/dokmai.paulwebdesign.rw\/?post_type=product&#038;p=85"},"modified":"2023-03-06T11:04:02","modified_gmt":"2023-03-06T09:04:02","slug":"ihoho-laptop-bag","status":"publish","type":"product","link":"https:\/\/dokmairwanda.com\/fr\/produit\/ihoho-laptop-bag\/","title":{"rendered":"Sacoche pour ordinateur portable Ihoho"},"content":{"rendered":"<p><strong>Mat\u00e9riel<\/strong>: cuir avec kitenge<\/p>\n<p>Les motifs du tissu de doublure en kitenge changent en fonction de la disponibilit\u00e9 du march\u00e9 local. Veuillez consulter \u00ab\u00a0Choix de tissus\u00a0\u00bb ci-dessous pour voir ce qui est actuellement disponible.<br \/>\n<strong>Tailles<\/strong>: 13\u2033,14\u2033,15\u2033, sangles fixes 20\u201d.<br \/>\n<strong>La description<\/strong>: \u00c9quip\u00e9 de beaucoup d&#039;espace pour garder votre ordinateur portable et vos documents en s\u00e9curit\u00e9, une poche \u00e0 monnaie et un porte-cl\u00e9s. Poches ext\u00e9rieures, fermeture zipp\u00e9e.<\/p>\n<p>\u00c9galement avec sangle longue r\u00e9glable\/amovible<\/p>","protected":false},"excerpt":{"rendered":"<p>Material: leather w\/kitenge Kitenge lining fabric patterns change depending on local market availability. Please see \u2018Fabric choices\u2019 below to see what is currently available. Sizes: 13&#8243;,14&#8243;,15&#8243;, \u00a020\u201d fixed straps. Description: Equipped with a lot of space to keep your laptop and documents safe, coin pocket, and keychain. Outer pockets, zip closure. Also with adjustable\/removable long [&#8230;]\n","protected":false},"featured_media":1032,"comment_status":"open","ping_status":"closed","template":"","meta":[],"product_brand":[],"product_cat":[97,232,19,27],"product_tag":[47],"mwb_booking_cost":[],"mwb_booking_service":[],"class_list":{"0":"post-85","1":"product","2":"type-product","3":"status-publish","4":"has-post-thumbnail","6":"product_cat-laptop-bags","7":"product_cat-laptop-bags-women","8":"product_cat-men","9":"product_cat-women","10":"product_tag-laptop-bag","12":"first","13":"instock","14":"featured","15":"taxable","16":"shipping-taxable","17":"purchasable","18":"product-type-variable"},"_links":{"self":[{"href":"https:\/\/dokmairwanda.com\/fr\/wp-json\/wp\/v2\/product\/85","targetHints":{"allow":["GET"]}}],"collection":[{"href":"https:\/\/dokmairwanda.com\/fr\/wp-json\/wp\/v2\/product"}],"about":[{"href":"https:\/\/dokmairwanda.com\/fr\/wp-json\/wp\/v2\/types\/product"}],"replies":[{"embeddable":true,"href":"https:\/\/dokmairwanda.com\/fr\/wp-json\/wp\/v2\/comments?post=85"}],"wp:featuredmedia":[{"embeddable":true,"href":"https:\/\/dokmairwanda.com\/fr\/wp-json\/wp\/v2\/media\/1032"}],"wp:attachment":[{"href":"https:\/\/dokmairwanda.com\/fr\/wp-json\/wp\/v2\/media?parent=85"}],"wp:term":[{"taxonomy":"product_brand","embeddable":true,"href":"https:\/\/dokmairwanda.com\/fr\/wp-json\/wp\/v2\/product_brand?post=85"},{"taxonomy":"product_cat","embeddable":true,"href":"https:\/\/dokmairwanda.com\/fr\/wp-json\/wp\/v2\/product_cat?post=85"},{"taxonomy":"product_tag","embeddable":true,"href":"https:\/\/dokmairwanda.com\/fr\/wp-json\/wp\/v2\/product_tag?post=85"},{"taxonomy":"mwb_booking_cost","embeddable":true,"href":"https:\/\/dokmairwanda.com\/fr\/wp-json\/wp\/v2\/mwb_booking_cost?post=85"},{"taxonomy":"mwb_booking_service","embeddable":true,"href":"https:\/\/dokmairwanda.com\/fr\/wp-json\/wp\/v2\/mwb_booking_service?post=85"}],"curies":[{"name":"wp","href":"https:\/\/api.w.org\/{rel}","templated":true}]}}