{"id":867,"date":"2021-06-21T13:26:05","date_gmt":"2021-06-21T11:26:05","guid":{"rendered":"http:\/\/dokmai.paulwebdesign.rw\/?post_type=product&#038;p=867"},"modified":"2023-06-06T13:23:07","modified_gmt":"2023-06-06T11:23:07","slug":"tesi","status":"publish","type":"product","link":"https:\/\/dokmairwanda.com\/fr\/produit\/tesi\/","title":{"rendered":"Portefeuille Tesi"},"content":{"rendered":"<p><strong>Mat\u00e9riel:<\/strong> cuir\/kitenge<\/p>\n<p><strong>D\u00e9tails int\u00e9rieurs :<\/strong> 6 emplacements pour cartes de cr\u00e9dit\/2 compartiments pour billets\/1 poche zipp\u00e9e pour la monnaie plus 2 poches \u00e0 soufflet.<\/p>\n<p><strong>D\u00e9tails ext\u00e9rieurs :<\/strong> Fermeture \u00e0 rabat\/ garniture kitenge<\/p>\n<p><strong>Description du mat\u00e9riel:<\/strong> Les articles de Dokmai sont fabriqu\u00e9s \u00e0 partir de cuir de haute qualit\u00e9 r\u00e9pondant \u00e0 la norme europ\u00e9enne (REACH) associ\u00e9 \u00e0 un tissu en coton imprim\u00e9 refl\u00e9tant la joie de vivre rwandaise.<\/p>","protected":false},"excerpt":{"rendered":"<p>Mati\u00e8re : cuir\/kitenge D\u00e9tails int\u00e9rieurs : 6 emplacements pour cartes de cr\u00e9dit\/2 compartiments pour billets\/1 poche zipp\u00e9e pour la monnaie plus 2 poches \u00e0 soufflet. D\u00e9tails ext\u00e9rieurs : fermeture \u00e0 rabat\/ garniture kitenge Description du mat\u00e9riau : les articles de Dokmai sont fabriqu\u00e9s \u00e0 partir de cuir de haute qualit\u00e9 r\u00e9pondant \u00e0 la norme europ\u00e9enne (REACH) associ\u00e9 \u00e0 un tissu en coton imprim\u00e9 refl\u00e9tant la joie de vivre rwandaise.<\/p>","protected":false},"featured_media":1449,"comment_status":"closed","ping_status":"closed","template":"","meta":[],"product_brand":[],"product_cat":[27,102,48],"product_tag":[],"mwb_booking_cost":[],"mwb_booking_service":[],"class_list":{"0":"post-867","1":"product","2":"type-product","3":"status-publish","4":"has-post-thumbnail","6":"product_cat-women","7":"product_cat-featured","8":"product_cat-wallets-women","10":"first","11":"instock","12":"taxable","13":"shipping-taxable","14":"purchasable","15":"product-type-variable"},"_links":{"self":[{"href":"https:\/\/dokmairwanda.com\/fr\/wp-json\/wp\/v2\/product\/867","targetHints":{"allow":["GET"]}}],"collection":[{"href":"https:\/\/dokmairwanda.com\/fr\/wp-json\/wp\/v2\/product"}],"about":[{"href":"https:\/\/dokmairwanda.com\/fr\/wp-json\/wp\/v2\/types\/product"}],"replies":[{"embeddable":true,"href":"https:\/\/dokmairwanda.com\/fr\/wp-json\/wp\/v2\/comments?post=867"}],"wp:featuredmedia":[{"embeddable":true,"href":"https:\/\/dokmairwanda.com\/fr\/wp-json\/wp\/v2\/media\/1449"}],"wp:attachment":[{"href":"https:\/\/dokmairwanda.com\/fr\/wp-json\/wp\/v2\/media?parent=867"}],"wp:term":[{"taxonomy":"product_brand","embeddable":true,"href":"https:\/\/dokmairwanda.com\/fr\/wp-json\/wp\/v2\/product_brand?post=867"},{"taxonomy":"product_cat","embeddable":true,"href":"https:\/\/dokmairwanda.com\/fr\/wp-json\/wp\/v2\/product_cat?post=867"},{"taxonomy":"product_tag","embeddable":true,"href":"https:\/\/dokmairwanda.com\/fr\/wp-json\/wp\/v2\/product_tag?post=867"},{"taxonomy":"mwb_booking_cost","embeddable":true,"href":"https:\/\/dokmairwanda.com\/fr\/wp-json\/wp\/v2\/mwb_booking_cost?post=867"},{"taxonomy":"mwb_booking_service","embeddable":true,"href":"https:\/\/dokmairwanda.com\/fr\/wp-json\/wp\/v2\/mwb_booking_service?post=867"}],"curies":[{"name":"wp","href":"https:\/\/api.w.org\/{rel}","templated":true}]}}