{"id":884,"date":"2021-06-21T14:29:40","date_gmt":"2021-06-21T12:29:40","guid":{"rendered":"http:\/\/dokmai.paulwebdesign.rw\/?post_type=product&#038;p=884"},"modified":"2023-03-06T10:33:31","modified_gmt":"2023-03-06T08:33:31","slug":"ikirezi-handmade-leather-handbag","status":"publish","type":"product","link":"https:\/\/dokmairwanda.com\/fr\/produit\/ikirezi-handmade-leather-handbag\/","title":{"rendered":"IKIREZI, sac \u00e0 main en cuir fait main"},"content":{"rendered":"<p><strong>Mat\u00e9riel:<\/strong> Cuir\/kitenge<\/p>\n<p>Taille\u00a0:\u00a09&quot; de largeur\/12&quot;\/5,2&quot; de hauteur<\/p>\n<p><b>Int\u00e9rieur<\/b> <b>des d\u00e9tails<\/b><b>:<\/b> poche int\u00e9rieure zipp\u00e9e\/poche pour smartphone et fentes pour cartes de visite.<\/p>\n<p><b>Ext\u00e9rieur<\/b> <b>des d\u00e9tails<\/b>: poche arri\u00e8re zippze anses fixes et bandouli\u00e8re r\u00e9glable. Pieds ronds \u00e0 fermeture \u00e0 glissi\u00e8re en bas<\/p>\n<p><b>Mat\u00e9riel<\/b><b> r\u00e9<\/b><b>description<\/b>: Les articles de Dokmai sont fabriqu\u00e9s \u00e0 partir de cuir de haute qualit\u00e9 r\u00e9pondant \u00e0 la norme europ\u00e9enne (REACH) associ\u00e9 \u00e0 un tissu en coton imprim\u00e9 refl\u00e9tant la joie de vivre rwandaise.<\/p>","protected":false},"excerpt":{"rendered":"<p>Mat\u00e9riau : cuir\/kitenge Taille : 9&quot;l\/12&quot;\/5,2&quot;h D\u00e9tails int\u00e9rieurs : poche int\u00e9rieure zipp\u00e9e\/poche pour smartphone et fentes pour cartes de visite. D\u00e9tails ext\u00e9rieurs : poche arri\u00e8re zipp\u00e9e, poign\u00e9es fixes et bandouli\u00e8re r\u00e9glable. Pieds de fermeture \u00e0 glissi\u00e8re ronds sur le bas Description du mat\u00e9riau: Les articles de Dokmai sont fabriqu\u00e9s \u00e0 partir de cuir de haute qualit\u00e9 conforme \u00e0 la norme europ\u00e9enne (REACH) associ\u00e9 \u00e0 un tissu en coton imprim\u00e9 refl\u00e9tant la joie de vivre rwandaise.<\/p>","protected":false},"featured_media":130,"comment_status":"closed","ping_status":"closed","template":"","meta":[],"product_brand":[],"product_cat":[27,28],"product_tag":[],"mwb_booking_cost":[],"mwb_booking_service":[],"class_list":{"0":"post-884","1":"product","2":"type-product","3":"status-publish","4":"has-post-thumbnail","6":"product_cat-women","7":"product_cat-handbags-women","9":"first","10":"instock","11":"taxable","12":"shipping-taxable","13":"purchasable","14":"product-type-variable"},"_links":{"self":[{"href":"https:\/\/dokmairwanda.com\/fr\/wp-json\/wp\/v2\/product\/884","targetHints":{"allow":["GET"]}}],"collection":[{"href":"https:\/\/dokmairwanda.com\/fr\/wp-json\/wp\/v2\/product"}],"about":[{"href":"https:\/\/dokmairwanda.com\/fr\/wp-json\/wp\/v2\/types\/product"}],"replies":[{"embeddable":true,"href":"https:\/\/dokmairwanda.com\/fr\/wp-json\/wp\/v2\/comments?post=884"}],"wp:featuredmedia":[{"embeddable":true,"href":"https:\/\/dokmairwanda.com\/fr\/wp-json\/wp\/v2\/media\/130"}],"wp:attachment":[{"href":"https:\/\/dokmairwanda.com\/fr\/wp-json\/wp\/v2\/media?parent=884"}],"wp:term":[{"taxonomy":"product_brand","embeddable":true,"href":"https:\/\/dokmairwanda.com\/fr\/wp-json\/wp\/v2\/product_brand?post=884"},{"taxonomy":"product_cat","embeddable":true,"href":"https:\/\/dokmairwanda.com\/fr\/wp-json\/wp\/v2\/product_cat?post=884"},{"taxonomy":"product_tag","embeddable":true,"href":"https:\/\/dokmairwanda.com\/fr\/wp-json\/wp\/v2\/product_tag?post=884"},{"taxonomy":"mwb_booking_cost","embeddable":true,"href":"https:\/\/dokmairwanda.com\/fr\/wp-json\/wp\/v2\/mwb_booking_cost?post=884"},{"taxonomy":"mwb_booking_service","embeddable":true,"href":"https:\/\/dokmairwanda.com\/fr\/wp-json\/wp\/v2\/mwb_booking_service?post=884"}],"curies":[{"name":"wp","href":"https:\/\/api.w.org\/{rel}","templated":true}]}}