{"id":932,"date":"2021-06-21T22:25:27","date_gmt":"2021-06-21T20:25:27","guid":{"rendered":"http:\/\/dokmai.paulwebdesign.rw\/?post_type=product&#038;p=932"},"modified":"2023-02-20T11:24:44","modified_gmt":"2023-02-20T09:24:44","slug":"king-kit","status":"publish","type":"product","link":"https:\/\/dokmairwanda.com\/fr\/produit\/king-kit\/","title":{"rendered":"KIT-ROI"},"content":{"rendered":"<p><strong>Mat\u00e9riel:<\/strong> kitenge\/Cuir<\/p>\n<p><strong>La description:\u00a0<\/strong>Fabriqu\u00e9 \u00e0 partir de tissu color\u00e9\/compartiments zipp\u00e9s doubles porte-cartes int\u00e9rieurs poche int\u00e9rieure zipp\u00e9e.<\/p>","protected":false},"excerpt":{"rendered":"<p>Mat\u00e9riau : kitenge\/cuir Description : fabriqu\u00e9 \u00e0 partir de tissu color\u00e9\/double compartiments zipp\u00e9s int\u00e9rieur porte-cartes poche int\u00e9rieure zipp\u00e9e.<\/p>","protected":false},"featured_media":190,"comment_status":"closed","ping_status":"closed","template":"","meta":[],"product_brand":[],"product_cat":[27,48],"product_tag":[],"mwb_booking_cost":[],"mwb_booking_service":[],"class_list":{"0":"post-932","1":"product","2":"type-product","3":"status-publish","4":"has-post-thumbnail","6":"product_cat-women","7":"product_cat-wallets-women","9":"first","10":"instock","11":"taxable","12":"shipping-taxable","13":"purchasable","14":"product-type-variable"},"_links":{"self":[{"href":"https:\/\/dokmairwanda.com\/fr\/wp-json\/wp\/v2\/product\/932","targetHints":{"allow":["GET"]}}],"collection":[{"href":"https:\/\/dokmairwanda.com\/fr\/wp-json\/wp\/v2\/product"}],"about":[{"href":"https:\/\/dokmairwanda.com\/fr\/wp-json\/wp\/v2\/types\/product"}],"replies":[{"embeddable":true,"href":"https:\/\/dokmairwanda.com\/fr\/wp-json\/wp\/v2\/comments?post=932"}],"wp:featuredmedia":[{"embeddable":true,"href":"https:\/\/dokmairwanda.com\/fr\/wp-json\/wp\/v2\/media\/190"}],"wp:attachment":[{"href":"https:\/\/dokmairwanda.com\/fr\/wp-json\/wp\/v2\/media?parent=932"}],"wp:term":[{"taxonomy":"product_brand","embeddable":true,"href":"https:\/\/dokmairwanda.com\/fr\/wp-json\/wp\/v2\/product_brand?post=932"},{"taxonomy":"product_cat","embeddable":true,"href":"https:\/\/dokmairwanda.com\/fr\/wp-json\/wp\/v2\/product_cat?post=932"},{"taxonomy":"product_tag","embeddable":true,"href":"https:\/\/dokmairwanda.com\/fr\/wp-json\/wp\/v2\/product_tag?post=932"},{"taxonomy":"mwb_booking_cost","embeddable":true,"href":"https:\/\/dokmairwanda.com\/fr\/wp-json\/wp\/v2\/mwb_booking_cost?post=932"},{"taxonomy":"mwb_booking_service","embeddable":true,"href":"https:\/\/dokmairwanda.com\/fr\/wp-json\/wp\/v2\/mwb_booking_service?post=932"}],"curies":[{"name":"wp","href":"https:\/\/api.w.org\/{rel}","templated":true}]}}