{"id":938,"date":"2021-06-21T23:17:05","date_gmt":"2021-06-21T21:17:05","guid":{"rendered":"http:\/\/dokmai.paulwebdesign.rw\/?post_type=product&#038;p=938"},"modified":"2023-06-06T12:29:16","modified_gmt":"2023-06-06T10:29:16","slug":"iriza-ss","status":"publish","type":"product","link":"https:\/\/dokmairwanda.com\/fr\/produit\/iriza-ss\/","title":{"rendered":"Embrayage IRIZA \u2013 SS"},"content":{"rendered":"<p><strong>Mat\u00e9riel:<\/strong> Cuir\/KITENGE<\/p>\n<p>Taille: L 22cm H14.5cm<\/p>\n<p><strong>La description:<\/strong> Confectionn\u00e9 en tissu de couleur coton, poche int\u00e9rieure zipp\u00e9e, d\u00e9tails en cuir, fermeture zipp\u00e9e. Id\u00e9al pour tous les jours.<\/p>","protected":false},"excerpt":{"rendered":"<p>Mat\u00e9riel: Cuir\/KITENGE Taille: L 22cm H14.5cm Description: Fabriqu\u00e9 \u00e0 partir de tissu de couleur coton, poche int\u00e9rieure zipp\u00e9e, d\u00e9tails en cuir, fermeture zipp\u00e9e. Id\u00e9al pour tous les jours.<\/p>","protected":false},"featured_media":999,"comment_status":"closed","ping_status":"closed","template":"","meta":[],"product_brand":[],"product_cat":[27,102,94],"product_tag":[],"mwb_booking_cost":[],"mwb_booking_service":[],"class_list":{"0":"post-938","1":"product","2":"type-product","3":"status-publish","4":"has-post-thumbnail","6":"product_cat-women","7":"product_cat-featured","8":"product_cat-toiletry-bags-women","10":"first","11":"instock","12":"taxable","13":"shipping-taxable","14":"purchasable","15":"product-type-simple"},"_links":{"self":[{"href":"https:\/\/dokmairwanda.com\/fr\/wp-json\/wp\/v2\/product\/938","targetHints":{"allow":["GET"]}}],"collection":[{"href":"https:\/\/dokmairwanda.com\/fr\/wp-json\/wp\/v2\/product"}],"about":[{"href":"https:\/\/dokmairwanda.com\/fr\/wp-json\/wp\/v2\/types\/product"}],"replies":[{"embeddable":true,"href":"https:\/\/dokmairwanda.com\/fr\/wp-json\/wp\/v2\/comments?post=938"}],"wp:featuredmedia":[{"embeddable":true,"href":"https:\/\/dokmairwanda.com\/fr\/wp-json\/wp\/v2\/media\/999"}],"wp:attachment":[{"href":"https:\/\/dokmairwanda.com\/fr\/wp-json\/wp\/v2\/media?parent=938"}],"wp:term":[{"taxonomy":"product_brand","embeddable":true,"href":"https:\/\/dokmairwanda.com\/fr\/wp-json\/wp\/v2\/product_brand?post=938"},{"taxonomy":"product_cat","embeddable":true,"href":"https:\/\/dokmairwanda.com\/fr\/wp-json\/wp\/v2\/product_cat?post=938"},{"taxonomy":"product_tag","embeddable":true,"href":"https:\/\/dokmairwanda.com\/fr\/wp-json\/wp\/v2\/product_tag?post=938"},{"taxonomy":"mwb_booking_cost","embeddable":true,"href":"https:\/\/dokmairwanda.com\/fr\/wp-json\/wp\/v2\/mwb_booking_cost?post=938"},{"taxonomy":"mwb_booking_service","embeddable":true,"href":"https:\/\/dokmairwanda.com\/fr\/wp-json\/wp\/v2\/mwb_booking_service?post=938"}],"curies":[{"name":"wp","href":"https:\/\/api.w.org\/{rel}","templated":true}]}}